{"id":2150,"date":"2023-04-28T09:21:25","date_gmt":"2023-04-28T07:21:25","guid":{"rendered":"https:\/\/maderas-holztechnik.de\/?page_id=2150"},"modified":"2023-04-28T09:22:13","modified_gmt":"2023-04-28T07:22:13","slug":"standort-ovenhausen","status":"publish","type":"page","link":"https:\/\/maderas-holztechnik.de\/en\/ueber-uns\/standort-ovenhausen\/","title":{"rendered":"Standort &#8211; Ovenhausen"},"content":{"rendered":"<h2 class=\"wp-block-heading\">Teamwork<\/h2>\n\n\n\n<p>Heute besch\u00e4ftigt die Maderas Holztechnik GmbH 35 qualifizierte, zuverl\u00e4ssige und motivierte Mitarbeiter sowie f\u00fcnf Auszubildende. Am Hauptstandort in H\u00f6xter-Ovenhausen befinden sich die Verwaltung, die Arbeitsvorbereitung sowie die Fertigung der Einzelteile.<\/p>","protected":false},"excerpt":{"rendered":"<p>Teamwork Heute besch\u00e4ftigt die Maderas Holztechnik GmbH 35 qualifizierte, zuverl\u00e4ssige und motivierte Mitarbeiter sowie f\u00fcnf Auszubildende. Am Hauptstandort in H\u00f6xter-Ovenhausen befinden sich die Verwaltung, die Arbeitsvorbereitung sowie die Fertigung der Einzelteile.<\/p>","protected":false},"author":1,"featured_media":0,"parent":479,"menu_order":5,"comment_status":"closed","ping_status":"closed","template":"","meta":{"_acf_changed":false,"footnotes":""},"funktion":[27],"class_list":["post-2150","page","type-page","status-publish","hentry","funktion-mit-youtube"],"acf":[],"_links":{"self":[{"href":"https:\/\/maderas-holztechnik.de\/en\/wp-json\/wp\/v2\/pages\/2150","targetHints":{"allow":["GET"]}}],"collection":[{"href":"https:\/\/maderas-holztechnik.de\/en\/wp-json\/wp\/v2\/pages"}],"about":[{"href":"https:\/\/maderas-holztechnik.de\/en\/wp-json\/wp\/v2\/types\/page"}],"author":[{"embeddable":true,"href":"https:\/\/maderas-holztechnik.de\/en\/wp-json\/wp\/v2\/users\/1"}],"replies":[{"embeddable":true,"href":"https:\/\/maderas-holztechnik.de\/en\/wp-json\/wp\/v2\/comments?post=2150"}],"version-history":[{"count":2,"href":"https:\/\/maderas-holztechnik.de\/en\/wp-json\/wp\/v2\/pages\/2150\/revisions"}],"predecessor-version":[{"id":2152,"href":"https:\/\/maderas-holztechnik.de\/en\/wp-json\/wp\/v2\/pages\/2150\/revisions\/2152"}],"up":[{"embeddable":true,"href":"https:\/\/maderas-holztechnik.de\/en\/wp-json\/wp\/v2\/pages\/479"}],"wp:attachment":[{"href":"https:\/\/maderas-holztechnik.de\/en\/wp-json\/wp\/v2\/media?parent=2150"}],"wp:term":[{"taxonomy":"funktion","embeddable":true,"href":"https:\/\/maderas-holztechnik.de\/en\/wp-json\/wp\/v2\/funktion?post=2150"}],"curies":[{"name":"wp","href":"https:\/\/api.w.org\/{rel}","templated":true}]}}