{"id":2237,"date":"2024-06-21T11:29:36","date_gmt":"2024-06-21T09:29:36","guid":{"rendered":"https:\/\/maderas-holztechnik.de\/?page_id=2237"},"modified":"2024-06-21T11:31:37","modified_gmt":"2024-06-21T09:31:37","slug":"impressum-grossenkleinenbredenschuetzen","status":"publish","type":"page","link":"https:\/\/maderas-holztechnik.de\/en\/impressum-grossenkleinenbredenschuetzen\/","title":{"rendered":"Impressum &#8211; Grossenkleinenbredensch\u00fctzen"},"content":{"rendered":"<h2 class=\"wp-block-heading\">Impressum der St. Jakobus Sch\u00fctzenbruderschaft Gro\u00dfen- und Kleinenbreden<\/h2>\n\n\n\n<h3 class=\"wp-block-heading\">Imprint <\/h3>\n\n\n\n<p>St. Jakobus Sch\u00fctzenbruderschaft Gro\u00dfen- und Kleinenbreden e. V.<br>Kleinenbreden 1a<br>37696 Marienm\u00fcnster<\/p>\n\n\n\n<p>Vereinsregister: VR 30375<br>Registergericht: Amtsgericht Paderborn<\/p>\n\n\n\n<p>Represented by:<br>Ralf L\u00fcke (1. Brudermeister)<\/p>\n\n\n\n<p>Kontakt: <br>Telefon: 0170-9659476<br>E-Mail: r.lueke@maderas-holztechnik.de<\/p>\n\n\n\n<p>EU-Streitschlichtung:<br>Die Europ\u00e4ische Kommission stellt eine Plattform zur Online-Streitbeilegung (OS) bereit: https:\/\/ec.europa.eu\/consumers\/odr\/. Unsere E-Mail-Adresse finden Sie oben im Impressum.<\/p>\n\n\n\n<p>Verbraucher\u00adstreit\u00adbeilegung\/Universal\u00adschlichtungs\u00adstelle:<br>We are not willing or obliged to participate in dispute resolution proceedings in front of a consumer arbitration board.<\/p>","protected":false},"excerpt":{"rendered":"<p>Impressum der St. Jakobus Sch\u00fctzenbruderschaft Gro\u00dfen- und Kleinenbreden Impressum St. Jakobus Sch\u00fctzenbruderschaft Gro\u00dfen- und Kleinenbreden e. V.Kleinenbreden 1a37696 Marienm\u00fcnster Vereinsregister: VR 30375Registergericht: Amtsgericht Paderborn Vertreten durch:Ralf L\u00fcke (1. Brudermeister) Kontakt: Telefon: 0170-9659476E-Mail: r.lueke@maderas-holztechnik.de EU-Streitschlichtung:Die Europ\u00e4ische Kommission stellt eine Plattform zur Online-Streitbeilegung (OS) bereit: https:\/\/ec.europa.eu\/consumers\/odr\/. Unsere E-Mail-Adresse finden Sie oben im Impressum. Verbraucher\u00adstreit\u00adbeilegung\/Universal\u00adschlichtungs\u00adstelle:Wir sind nicht bereit [&hellip;]<\/p>\n","protected":false},"author":1,"featured_media":0,"parent":0,"menu_order":0,"comment_status":"closed","ping_status":"closed","template":"","meta":{"_acf_changed":false,"footnotes":""},"funktion":[],"class_list":["post-2237","page","type-page","status-publish","hentry"],"acf":[],"_links":{"self":[{"href":"https:\/\/maderas-holztechnik.de\/en\/wp-json\/wp\/v2\/pages\/2237","targetHints":{"allow":["GET"]}}],"collection":[{"href":"https:\/\/maderas-holztechnik.de\/en\/wp-json\/wp\/v2\/pages"}],"about":[{"href":"https:\/\/maderas-holztechnik.de\/en\/wp-json\/wp\/v2\/types\/page"}],"author":[{"embeddable":true,"href":"https:\/\/maderas-holztechnik.de\/en\/wp-json\/wp\/v2\/users\/1"}],"replies":[{"embeddable":true,"href":"https:\/\/maderas-holztechnik.de\/en\/wp-json\/wp\/v2\/comments?post=2237"}],"version-history":[{"count":3,"href":"https:\/\/maderas-holztechnik.de\/en\/wp-json\/wp\/v2\/pages\/2237\/revisions"}],"predecessor-version":[{"id":2247,"href":"https:\/\/maderas-holztechnik.de\/en\/wp-json\/wp\/v2\/pages\/2237\/revisions\/2247"}],"wp:attachment":[{"href":"https:\/\/maderas-holztechnik.de\/en\/wp-json\/wp\/v2\/media?parent=2237"}],"wp:term":[{"taxonomy":"funktion","embeddable":true,"href":"https:\/\/maderas-holztechnik.de\/en\/wp-json\/wp\/v2\/funktion?post=2237"}],"curies":[{"name":"wp","href":"https:\/\/api.w.org\/{rel}","templated":true}]}}