{"id":490,"date":"2023-01-09T13:50:32","date_gmt":"2023-01-09T12:50:32","guid":{"rendered":"https:\/\/maderas-holztechnik.de\/?page_id=490"},"modified":"2023-01-09T14:18:18","modified_gmt":"2023-01-09T13:18:18","slug":"oekoprofit","status":"publish","type":"page","link":"https:\/\/maderas-holztechnik.de\/en\/ueber-uns\/nachhaltigkeit\/oekoprofit\/","title":{"rendered":"ECOPROFIT"},"content":{"rendered":"<h2 class=\"wp-block-heading\"><strong>Exemplifying environmental protection<\/strong><\/h2>\n\n\n\n<div class=\"wp-block-columns is-layout-flex wp-container-core-columns-is-layout-28f84493 wp-block-columns-is-layout-flex\">\n<div class=\"wp-block-column is-layout-flow wp-block-column-is-layout-flow\" style=\"flex-basis:66.66%\">\n<p>At Maderas we have incorporated environmental protection into our operations. As a result, we have received an award from the ECOPROFIT project.<\/p>\n\n\n\n<p>ECOPROFIT stands for Ecological Project for Integrated Environmental Technology. The aim is to conserve natural resources and at the same time reduce operating costs. For our companies, the project is a constant incentive to continually examine processes and make them more sustainable.<\/p>\n\n\n\n<p>Learn more about ECOPROFIT here.<\/p>\n<\/div>\n\n\n\n<div class=\"wp-block-column is-layout-flow wp-block-column-is-layout-flow\" style=\"flex-basis:33.33%\">\n<figure class=\"wp-block-image size-full is-resized\"><img fetchpriority=\"high\" decoding=\"async\" src=\"https:\/\/maderas-holztechnik.de\/wp-content\/uploads\/2023\/01\/2119_ressortbild_847_200_oekoprofit.jpg\" alt=\"Logo \u00d6KOPROFIT Kreis H\u00f6xter\" class=\"wp-image-477\" width=\"355\" height=\"147\" srcset=\"https:\/\/maderas-holztechnik.de\/wp-content\/uploads\/2023\/01\/2119_ressortbild_847_200_oekoprofit.jpg 483w, https:\/\/maderas-holztechnik.de\/wp-content\/uploads\/2023\/01\/2119_ressortbild_847_200_oekoprofit-300x124.jpg 300w\" sizes=\"(max-width: 355px) 100vw, 355px\" \/><\/figure>\n<\/div>\n<\/div>\n\n\n\n<div class=\"wp-block-buttons is-layout-flex wp-block-buttons-is-layout-flex\">\n<div class=\"wp-block-button\"><a class=\"wp-block-button__link wp-element-button\" href=\"https:\/\/maderas-holztechnik.de\/en\/ueber-uns\/nachhaltigkeit\/\">Back to overview<\/a><\/div>\n<\/div>","protected":false},"excerpt":{"rendered":"<p>Umweltschutz vorleben Bei Maderas haben wir den betrieblichen Umweltschutz in unsere Abl\u00e4ufen implementiert. Daf\u00fcr sind wir vom Projekt \u00d6KOPROFIT ausgezeichnet worden. \u00d6KOPROFIT steht f\u00fcr \u201e\u00d6kologisches Projekt f\u00fcr Integrierte Umwelt-Technik\u201c. Ziel ist es, nat\u00fcrliche Ressourcen zu schonen und gleichzeitig die Betriebskosten zu senken. F\u00fcr unsere Unternehmen ist das Projekt ein stetiger Ansporn, Prozesse immer wieder zu [&hellip;]<\/p>\n","protected":false},"author":1,"featured_media":0,"parent":483,"menu_order":3,"comment_status":"closed","ping_status":"closed","template":"","meta":{"_acf_changed":false,"footnotes":""},"funktion":[],"class_list":["post-490","page","type-page","status-publish","hentry"],"acf":[],"_links":{"self":[{"href":"https:\/\/maderas-holztechnik.de\/en\/wp-json\/wp\/v2\/pages\/490","targetHints":{"allow":["GET"]}}],"collection":[{"href":"https:\/\/maderas-holztechnik.de\/en\/wp-json\/wp\/v2\/pages"}],"about":[{"href":"https:\/\/maderas-holztechnik.de\/en\/wp-json\/wp\/v2\/types\/page"}],"author":[{"embeddable":true,"href":"https:\/\/maderas-holztechnik.de\/en\/wp-json\/wp\/v2\/users\/1"}],"replies":[{"embeddable":true,"href":"https:\/\/maderas-holztechnik.de\/en\/wp-json\/wp\/v2\/comments?post=490"}],"version-history":[{"count":0,"href":"https:\/\/maderas-holztechnik.de\/en\/wp-json\/wp\/v2\/pages\/490\/revisions"}],"up":[{"embeddable":true,"href":"https:\/\/maderas-holztechnik.de\/en\/wp-json\/wp\/v2\/pages\/483"}],"wp:attachment":[{"href":"https:\/\/maderas-holztechnik.de\/en\/wp-json\/wp\/v2\/media?parent=490"}],"wp:term":[{"taxonomy":"funktion","embeddable":true,"href":"https:\/\/maderas-holztechnik.de\/en\/wp-json\/wp\/v2\/funktion?post=490"}],"curies":[{"name":"wp","href":"https:\/\/api.w.org\/{rel}","templated":true}]}}