{"id":497,"date":"2023-01-09T13:54:37","date_gmt":"2023-01-09T12:54:37","guid":{"rendered":"https:\/\/maderas-holztechnik.de\/?page_id=497"},"modified":"2023-04-27T08:17:04","modified_gmt":"2023-04-27T06:17:04","slug":"maschinen","status":"publish","type":"page","link":"https:\/\/maderas-holztechnik.de\/en\/maschinen\/","title":{"rendered":"Machines"},"content":{"rendered":"<div class=\"wp-block-columns is-layout-flex wp-container-core-columns-is-layout-28f84493 wp-block-columns-is-layout-flex\">\n<div class=\"wp-block-column is-layout-flow wp-block-column-is-layout-flow\">\n<h2 class=\"wp-block-heading\">Here it\u2019s all <br>about precision<\/h2>\n\n\n\n<p class=\"translation-block\">In our machine shop, our employees can implement their expertise with high-grade equipment. With our power, precision, and expertise, we will greatly contribute to the quality of your project.<\/p>\n\n\n\n<h4 class=\"wp-block-heading\">Find out more about our machining centres for solid wood parts here.<\/h4>\n<\/div>\n\n\n\n<div class=\"wp-block-column is-layout-flow wp-block-column-is-layout-flow\"><\/div>\n<\/div>\n\n\n\n<div style=\"height:20px\" aria-hidden=\"true\" class=\"wp-block-spacer\"><\/div>\n\n\n\n<div class=\"wp-block-columns is-layout-flex wp-container-core-columns-is-layout-28f84493 wp-block-columns-is-layout-flex\">\n<div class=\"wp-block-column is-layout-flow wp-block-column-is-layout-flow\">\n<div class=\"wp-block-cover is-light has-custom-content-position is-position-bottom-left\"><span aria-hidden=\"true\" class=\"wp-block-cover__background has-background-dim\"><\/span><img fetchpriority=\"high\" decoding=\"async\" width=\"1676\" height=\"942\" class=\"wp-block-cover__image-background wp-image-1657\" alt=\"\" src=\"https:\/\/maderas-holztechnik.de\/wp-content\/uploads\/2023\/03\/5-Achsen-CNC-Clipper-2.jpg\" style=\"object-position:39% 44%\" data-object-fit=\"cover\" data-object-position=\"39% 44%\" srcset=\"https:\/\/maderas-holztechnik.de\/wp-content\/uploads\/2023\/03\/5-Achsen-CNC-Clipper-2.jpg 1676w, https:\/\/maderas-holztechnik.de\/wp-content\/uploads\/2023\/03\/5-Achsen-CNC-Clipper-2-300x169.jpg 300w, https:\/\/maderas-holztechnik.de\/wp-content\/uploads\/2023\/03\/5-Achsen-CNC-Clipper-2-1024x576.jpg 1024w, https:\/\/maderas-holztechnik.de\/wp-content\/uploads\/2023\/03\/5-Achsen-CNC-Clipper-2-768x432.jpg 768w, https:\/\/maderas-holztechnik.de\/wp-content\/uploads\/2023\/03\/5-Achsen-CNC-Clipper-2-1536x863.jpg 1536w, https:\/\/maderas-holztechnik.de\/wp-content\/uploads\/2023\/03\/5-Achsen-CNC-Clipper-2-18x10.jpg 18w\" sizes=\"(max-width: 1676px) 100vw, 1676px\" \/><div class=\"wp-block-cover__inner-container is-layout-flow wp-block-cover-is-layout-flow\">\n<h4 class=\"wp-block-heading has-text-align-left has-text-color has-large-font-size\" style=\"color:#92ac89\">The 5-axis CNC Clipper<\/h4>\n\n\n\n<div class=\"wp-block-buttons is-layout-flex wp-block-buttons-is-layout-flex\">\n<div class=\"wp-block-button\"><a class=\"wp-block-button__link wp-element-button\" href=\"https:\/\/maderas-holztechnik.de\/en\/maschinen\/5-achsen-cnc-clipper\/\">read more<\/a><\/div>\n<\/div>\n<\/div><\/div>\n<\/div>\n\n\n\n<div class=\"wp-block-column is-layout-flow wp-block-column-is-layout-flow\">\n<div class=\"wp-block-cover is-light has-custom-content-position is-position-bottom-left\"><span aria-hidden=\"true\" class=\"wp-block-cover__background has-background-dim\"><\/span><img decoding=\"async\" width=\"1677\" height=\"943\" class=\"wp-block-cover__image-background wp-image-1658\" alt=\"\" src=\"https:\/\/maderas-holztechnik.de\/wp-content\/uploads\/2023\/03\/Conturex-1.jpg\" style=\"object-position:35% 62%\" data-object-fit=\"cover\" data-object-position=\"35% 62%\" srcset=\"https:\/\/maderas-holztechnik.de\/wp-content\/uploads\/2023\/03\/Conturex-1.jpg 1677w, https:\/\/maderas-holztechnik.de\/wp-content\/uploads\/2023\/03\/Conturex-1-300x169.jpg 300w, https:\/\/maderas-holztechnik.de\/wp-content\/uploads\/2023\/03\/Conturex-1-1024x576.jpg 1024w, https:\/\/maderas-holztechnik.de\/wp-content\/uploads\/2023\/03\/Conturex-1-768x432.jpg 768w, https:\/\/maderas-holztechnik.de\/wp-content\/uploads\/2023\/03\/Conturex-1-1536x864.jpg 1536w, https:\/\/maderas-holztechnik.de\/wp-content\/uploads\/2023\/03\/Conturex-1-18x10.jpg 18w\" sizes=\"(max-width: 1677px) 100vw, 1677px\" \/><div class=\"wp-block-cover__inner-container is-layout-flow wp-block-cover-is-layout-flow\">\n<h4 class=\"wp-block-heading has-text-align-left has-text-color has-large-font-size\" style=\"color:#92ac89\">The Conturex<\/h4>\n\n\n\n<div class=\"wp-block-buttons is-layout-flex wp-block-buttons-is-layout-flex\">\n<div class=\"wp-block-button\"><a class=\"wp-block-button__link wp-element-button\" href=\"https:\/\/maderas-holztechnik.de\/en\/maschinen\/der-conturex\/\">read more<\/a><\/div>\n<\/div>\n<\/div><\/div>\n<\/div>\n\n\n\n<div class=\"wp-block-column is-layout-flow wp-block-column-is-layout-flow\">\n<div class=\"wp-block-cover is-light has-custom-content-position is-position-bottom-left\"><span aria-hidden=\"true\" class=\"wp-block-cover__background has-background-dim\"><\/span><img decoding=\"async\" width=\"1677\" height=\"942\" class=\"wp-block-cover__image-background wp-image-1659\" alt=\"\" src=\"https:\/\/maderas-holztechnik.de\/wp-content\/uploads\/2023\/03\/5-Achsen-CNC-Concept-1.jpg\" style=\"object-position:49% 58%\" data-object-fit=\"cover\" data-object-position=\"49% 58%\" srcset=\"https:\/\/maderas-holztechnik.de\/wp-content\/uploads\/2023\/03\/5-Achsen-CNC-Concept-1.jpg 1677w, https:\/\/maderas-holztechnik.de\/wp-content\/uploads\/2023\/03\/5-Achsen-CNC-Concept-1-300x169.jpg 300w, https:\/\/maderas-holztechnik.de\/wp-content\/uploads\/2023\/03\/5-Achsen-CNC-Concept-1-1024x575.jpg 1024w, https:\/\/maderas-holztechnik.de\/wp-content\/uploads\/2023\/03\/5-Achsen-CNC-Concept-1-768x431.jpg 768w, https:\/\/maderas-holztechnik.de\/wp-content\/uploads\/2023\/03\/5-Achsen-CNC-Concept-1-1536x863.jpg 1536w, https:\/\/maderas-holztechnik.de\/wp-content\/uploads\/2023\/03\/5-Achsen-CNC-Concept-1-18x10.jpg 18w\" sizes=\"(max-width: 1677px) 100vw, 1677px\" \/><div class=\"wp-block-cover__inner-container is-layout-flow wp-block-cover-is-layout-flow\">\n<h4 class=\"wp-block-heading has-text-align-left has-text-color has-large-font-size\" style=\"color:#92ac89\">The 5-axis CNC Concept<\/h4>\n\n\n\n<div class=\"wp-block-buttons is-layout-flex wp-block-buttons-is-layout-flex\">\n<div class=\"wp-block-button\"><a class=\"wp-block-button__link wp-element-button\" href=\"https:\/\/maderas-holztechnik.de\/en\/maschinen\/5-achsen-cnc-concept\/\">read more<\/a><\/div>\n<\/div>\n<\/div><\/div>\n<\/div>\n<\/div>","protected":false},"excerpt":{"rendered":"<p>Hier dreht sich alles um Pr\u00e4zision In der Maschinenhalle k\u00f6nnen unsere Mitarbeiter ihr Know-how mit hochwertigem Ger\u00e4t umsetzen. Mit Power, Pr\u00e4zision und Fachkunde leisten wir so einen hochwertigen Beitrag zu Ihrem Projekt.&nbsp; Erfahren Sie hier mehr \u00fcber unsere Bearbeitungszentren f\u00fcr Massivholzteile.<\/p>","protected":false},"author":1,"featured_media":0,"parent":0,"menu_order":3,"comment_status":"closed","ping_status":"closed","template":"","meta":{"_acf_changed":false,"footnotes":""},"funktion":[18],"class_list":["post-497","page","type-page","status-publish","hentry","funktion-mit-slider"],"acf":[],"_links":{"self":[{"href":"https:\/\/maderas-holztechnik.de\/en\/wp-json\/wp\/v2\/pages\/497","targetHints":{"allow":["GET"]}}],"collection":[{"href":"https:\/\/maderas-holztechnik.de\/en\/wp-json\/wp\/v2\/pages"}],"about":[{"href":"https:\/\/maderas-holztechnik.de\/en\/wp-json\/wp\/v2\/types\/page"}],"author":[{"embeddable":true,"href":"https:\/\/maderas-holztechnik.de\/en\/wp-json\/wp\/v2\/users\/1"}],"replies":[{"embeddable":true,"href":"https:\/\/maderas-holztechnik.de\/en\/wp-json\/wp\/v2\/comments?post=497"}],"version-history":[{"count":11,"href":"https:\/\/maderas-holztechnik.de\/en\/wp-json\/wp\/v2\/pages\/497\/revisions"}],"predecessor-version":[{"id":2126,"href":"https:\/\/maderas-holztechnik.de\/en\/wp-json\/wp\/v2\/pages\/497\/revisions\/2126"}],"wp:attachment":[{"href":"https:\/\/maderas-holztechnik.de\/en\/wp-json\/wp\/v2\/media?parent=497"}],"wp:term":[{"taxonomy":"funktion","embeddable":true,"href":"https:\/\/maderas-holztechnik.de\/en\/wp-json\/wp\/v2\/funktion?post=497"}],"curies":[{"name":"wp","href":"https:\/\/api.w.org\/{rel}","templated":true}]}}