{"id":506,"date":"2023-01-09T14:01:58","date_gmt":"2023-01-09T13:01:58","guid":{"rendered":"https:\/\/maderas-holztechnik.de\/?page_id=506"},"modified":"2023-03-28T11:45:48","modified_gmt":"2023-03-28T09:45:48","slug":"5-achsen-cnc-concept","status":"publish","type":"page","link":"https:\/\/maderas-holztechnik.de\/en\/maschinen\/5-achsen-cnc-concept\/","title":{"rendered":"The 5-axis CNC Concept"},"content":{"rendered":"<h2 class=\"wp-block-heading\">The all-rounder for your needs<\/h2>\n\n\n\n<p>The \"UNI 5 CONCEPT CNC\" from Pade is the ideal solution for complex machining of solid wood parts. It\u2019s ability to drill oblong and plug holes, mill round tenons, and do form and contour milling with up to five fully interpolatable axes guarantees flexible and almost unlimited production. This means that we can solve even your most difficult tasks.<\/p>\n\n\n\n<p>The intelligent arrangement of the four independently driven motors in a star configuration reduces the chip-to-chip time to an absolute minimum and avoids unnecessary downtimes.<\/p>\n\n\n\n<p>The motors can rotate between 500 and 24,000 rpm, allowing for the set-up of grinding units as well as large tool diameters of up to 200 mm.<\/p>\n\n\n\n<h4 class=\"wp-block-heading\"><strong>Contact us<\/strong><\/h4>\n\n\n\n<div class=\"wp-block-buttons is-layout-flex wp-block-buttons-is-layout-flex\">\n<div class=\"wp-block-button\"><a class=\"wp-block-button__link wp-element-button\" href=\"https:\/\/maderas-holztechnik.de\/en\/kontakt\/\">Contact us now<\/a><\/div>\n<\/div>","protected":false},"excerpt":{"rendered":"<p>Der Allrounder f\u00fcr Ihre Bed\u00fcrfnisse Die &#8222;UNI 5 CONCEPT CNC&#8220; der Firma Pade stellt in ihrer Konzeption die ideale L\u00f6sung f\u00fcr die komplexe Bearbeitung von Massivholzteilen dar. Langl\u00f6cher und D\u00fcbell\u00f6cher bohren, Rundzapfen fr\u00e4sen sowie das Form- und Konturfr\u00e4sen in bis zu f\u00fcnf voll interpolierbaren Achsen garantieren eine flexible und nahezu unbeschr\u00e4nkte Fertigung. So k\u00f6nnen wir [&hellip;]<\/p>\n","protected":false},"author":1,"featured_media":0,"parent":497,"menu_order":3,"comment_status":"closed","ping_status":"closed","template":"","meta":{"_acf_changed":false,"footnotes":""},"funktion":[27],"class_list":["post-506","page","type-page","status-publish","hentry","funktion-mit-youtube"],"acf":[],"_links":{"self":[{"href":"https:\/\/maderas-holztechnik.de\/en\/wp-json\/wp\/v2\/pages\/506","targetHints":{"allow":["GET"]}}],"collection":[{"href":"https:\/\/maderas-holztechnik.de\/en\/wp-json\/wp\/v2\/pages"}],"about":[{"href":"https:\/\/maderas-holztechnik.de\/en\/wp-json\/wp\/v2\/types\/page"}],"author":[{"embeddable":true,"href":"https:\/\/maderas-holztechnik.de\/en\/wp-json\/wp\/v2\/users\/1"}],"replies":[{"embeddable":true,"href":"https:\/\/maderas-holztechnik.de\/en\/wp-json\/wp\/v2\/comments?post=506"}],"version-history":[{"count":0,"href":"https:\/\/maderas-holztechnik.de\/en\/wp-json\/wp\/v2\/pages\/506\/revisions"}],"up":[{"embeddable":true,"href":"https:\/\/maderas-holztechnik.de\/en\/wp-json\/wp\/v2\/pages\/497"}],"wp:attachment":[{"href":"https:\/\/maderas-holztechnik.de\/en\/wp-json\/wp\/v2\/media?parent=506"}],"wp:term":[{"taxonomy":"funktion","embeddable":true,"href":"https:\/\/maderas-holztechnik.de\/en\/wp-json\/wp\/v2\/funktion?post=506"}],"curies":[{"name":"wp","href":"https:\/\/api.w.org\/{rel}","templated":true}]}}