{"id":764,"date":"2023-01-19T11:20:42","date_gmt":"2023-01-19T10:20:42","guid":{"rendered":"https:\/\/maderas-holztechnik.de\/?page_id=764"},"modified":"2023-03-21T15:05:22","modified_gmt":"2023-03-21T14:05:22","slug":"kontakt","status":"publish","type":"page","link":"https:\/\/maderas-holztechnik.de\/en\/kontakt\/","title":{"rendered":"Contact"},"content":{"rendered":"\n<h2 class=\"wp-block-heading\">Wir sind gern f\u00fcr Sie da<\/h2>\n\n\n\n<p>Nutzen Sie unser Know-how in der Holztechnik f\u00fcr Ihr Projekt. Wir freuen uns auf Ihre Nachricht.<\/p>\n\n\n\n<div class=\"wp-block-columns is-layout-flex wp-container-core-columns-is-layout-28f84493 wp-block-columns-is-layout-flex\">\n<div class=\"wp-block-column is-layout-flow wp-block-column-is-layout-flow\" style=\"flex-basis:44%\">\n<h4 class=\"wp-block-heading\">Maderas Holztechnik GmbH<\/h4>\n\n\n\n<p>Werkstra\u00dfe 1<br>37671 H\u00f6xter-Ovenhausen<\/p>\n\n\n\n<p>Tel.: +49 5278 221<br>Fax: +49 5278 1269<\/p>\n\n\n\n<h5 class=\"wp-block-heading\">Unsere Vetretung in den Beneluxstaaten:<\/h5>\n\n\n\n<h4 class=\"wp-block-heading\">Lindner Benelux BV<\/h4>\n\n\n\n<p>Woudenbergseweg 19-C9<br>NL-3707 HW ZEIST<\/p>\n\n\n\n<p>E-Mail: info@maderas-holztechnik.de<\/p>\n\n\n\n<p>Tel.: +31 343 491038<br>Fax: +31 343 493117<\/p>\n\n\n\n<p>E-Mail: info@lindnerbenelux.com<br><a href=\"https:\/\/www.lindnerbenelux.nl\/\" target=\"_blank\" rel=\"noreferrer noopener\">www.lindnerbenelux.nl<\/a><\/p>\n\n\n\n<h5 class=\"wp-block-heading\">Unsere Vertretung in Gro\u00dfbritannien und Irland:<\/h5>\n\n\n\n<h4 class=\"wp-block-heading\">Continental Furniture <br>Components Ltd.<\/h4>\n\n\n\n<p>William Dengel<\/p>\n\n\n\n<p>Tel.: +44 11 89 45 10 13<br>E-Mail: william.dengel@cfc-uk.com<\/p>\n<\/div>\n\n\n\n<div class=\"wp-block-column is-layout-flow wp-block-column-is-layout-flow\">\t\t<div data-elementor-type=\"section\" data--id=\"0\" data-obj-id=\"0\" data-elementor-id=\"1419\" class=\"elementor elementor-1419 e--0\" data-elementor-post-type=\"elementor_library\">\n\t\t\t\t\t<section class=\"elementor-section elementor-top-section elementor-element elementor-element-5ecc6d8 elementor-section-full_width elementor-section-height-default elementor-section-height-default\" data-id=\"5ecc6d8\" data-element_type=\"section\" data-e-type=\"section\">\n\t\t\t\t\t\t<div class=\"elementor-container elementor-column-gap-no\">\n\t\t\t\t\t<div class=\"elementor-column elementor-col-100 elementor-top-column elementor-element elementor-element-086687f\" data-id=\"086687f\" data-element_type=\"column\" data-e-type=\"column\">\n\t\t\t<div class=\"elementor-widget-wrap elementor-element-populated\">\n\t\t\t\t\t\t<div class=\"elementor-element elementor-element-670ed8f elementor-widget elementor-widget-google_maps\" data-id=\"670ed8f\" data-element_type=\"widget\" data-e-type=\"widget\" data-widget_type=\"google_maps.default\">\n\t\t\t\t<div class=\"elementor-widget-container\">\n\t\t\t\t\t\t\t<div class=\"elementor-custom-embed\">\n\t\t\t<iframe loading=\"lazy\"\n\t\t\t\t\tsrc=\"https:\/\/maps.google.com\/maps?q=Maderas%20Holztechnik%20GmbH%20Werkstra%C3%9Fe%201%2C%2037671%20H%C3%B6xter&#038;t=m&#038;z=15&#038;output=embed&#038;iwloc=near\"\n\t\t\t\t\ttitle=\"Maderas Holztechnik GmbH Werkstra\u00dfe 1, 37671 H\u00f6xter\"\n\t\t\t\t\taria-label=\"Maderas Holztechnik GmbH Werkstra\u00dfe 1, 37671 H\u00f6xter\"\n\t\t\t><\/iframe>\n\t\t<\/div>\n\t\t\t\t\t\t<\/div>\n\t\t\t\t<\/div>\n\t\t\t\t<div class=\"elementor-element elementor-element-39d6764 elementor-widget elementor-widget-heading\" data-id=\"39d6764\" data-element_type=\"widget\" data-e-type=\"widget\" data-widget_type=\"heading.default\">\n\t\t\t\t<div class=\"elementor-widget-container\">\n\t\t\t\t\t<h5 class=\"elementor-heading-title elementor-size-default\">Wir sind f\u00fcr Sie da: Treten Sie mit uns in Verbindung!<\/h5>\t\t\t\t<\/div>\n\t\t\t\t<\/div>\n\t\t\t\t<div class=\"elementor-element elementor-element-c35a093 elementor-button-align-stretch elementor-widget elementor-widget-form\" data-id=\"c35a093\" data-element_type=\"widget\" data-e-type=\"widget\" data-settings=\"{&quot;step_next_label&quot;:&quot;N\\u00e4chster&quot;,&quot;step_previous_label&quot;:&quot;Voriger&quot;,&quot;button_width&quot;:&quot;100&quot;,&quot;step_type&quot;:&quot;number_text&quot;,&quot;step_icon_shape&quot;:&quot;circle&quot;}\" data-widget_type=\"form.default\">\n\t\t\t\t<div class=\"elementor-widget-container\">\n\t\t\t\t\t\t\t<form class=\"elementor-form\" method=\"post\" name=\"Neues Formular\" aria-label=\"Neues Formular\">\n\t\t\t<input type=\"hidden\" name=\"current_post_id\" value=\"764\"\/><input type=\"hidden\" name=\"post_id\" value=\"1419\"\/>\n\t\t\t<input type=\"hidden\" name=\"form_id\" value=\"c35a093\"\/>\n\t\t\t<input type=\"hidden\" name=\"referer_title\" value=\"\" \/>\n\n\t\t\t\n\t\t\t<div class=\"elementor-form-fields-wrapper elementor-labels-above\">\n\t\t\t\t\t\t\t\t<div class=\"elementor-field-type-text elementor-field-group elementor-column elementor-field-group-name elementor-col-50\">\n\t\t\t\t\t\t\t\t\t\t\t\t<label for=\"form-field-name\" class=\"elementor-field-label\">\n\t\t\t\t\t\t\t\tName\t\t\t\t\t\t\t<\/label>\n\t\t\t\t\t\t\t\t\t\t\t\t\t\t<input size=\"1\" type=\"text\" name=\"form_fields[name]\" id=\"form-field-name\" class=\"elementor-field elementor-size-sm  elementor-field-textual\" placeholder=\"Name\">\n\t\t\t\t\t\t\t\t\t\t\t<\/div>\n\t\t\t\t\t\t\t\t<div class=\"elementor-field-type-email elementor-field-group elementor-column elementor-field-group-email elementor-col-50 elementor-field-required\">\n\t\t\t\t\t\t\t\t\t\t\t\t<label for=\"form-field-email\" class=\"elementor-field-label\">\n\t\t\t\t\t\t\t\tE-Mail\t\t\t\t\t\t\t<\/label>\n\t\t\t\t\t\t\t\t\t\t\t\t\t\t<input size=\"1\" type=\"email\" name=\"form_fields[email]\" id=\"form-field-email\" class=\"elementor-field elementor-size-sm  elementor-field-textual\" placeholder=\"E-Mail\" required=\"required\">\n\t\t\t\t\t\t\t\t\t\t\t<\/div>\n\t\t\t\t\t\t\t\t<div class=\"elementor-field-type-text\">\n\t\t\t\t\t<input size=\"1\" type=\"text\" name=\"form_fields[field_8fbd5c5]\" id=\"form-field-field_8fbd5c5\" class=\"elementor-field elementor-size-sm \" style=\"display:none !important;\">\t\t\t\t<\/div>\n\t\t\t\t\t\t\t\t<div class=\"elementor-field-type-tel elementor-field-group elementor-column elementor-field-group-field_e38f6ef elementor-col-50 elementor-field-required\">\n\t\t\t\t\t\t\t\t\t\t\t\t<label for=\"form-field-field_e38f6ef\" class=\"elementor-field-label\">\n\t\t\t\t\t\t\t\tTelefon\t\t\t\t\t\t\t<\/label>\n\t\t\t\t\t\t\t\t<input size=\"1\" type=\"tel\" name=\"form_fields[field_e38f6ef]\" id=\"form-field-field_e38f6ef\" class=\"elementor-field elementor-size-sm  elementor-field-textual\" placeholder=\"Telefon\" required=\"required\" pattern=\"[0-9()#&amp;+*-=.]+\" title=\"Only numbers and phone characters (#, -, *, etc) are accepted.\">\n\n\t\t\t\t\t\t<\/div>\n\t\t\t\t\t\t\t\t<div class=\"elementor-field-type-text elementor-field-group elementor-column elementor-field-group-field_74c387d elementor-col-50\">\n\t\t\t\t\t\t\t\t\t\t\t\t<label for=\"form-field-field_74c387d\" class=\"elementor-field-label\">\n\t\t\t\t\t\t\t\tOrt\t\t\t\t\t\t\t<\/label>\n\t\t\t\t\t\t\t\t\t\t\t\t\t\t<input size=\"1\" type=\"text\" name=\"form_fields[field_74c387d]\" id=\"form-field-field_74c387d\" class=\"elementor-field elementor-size-sm  elementor-field-textual\" placeholder=\"Ort\">\n\t\t\t\t\t\t\t\t\t\t\t<\/div>\n\t\t\t\t\t\t\t\t<div class=\"elementor-field-type-select elementor-field-group elementor-column elementor-field-group-kontakt elementor-col-100 elementor-field-required\">\n\t\t\t\t\t\t\t\t\t\t\t\t<label for=\"form-field-kontakt\" class=\"elementor-field-label\">\n\t\t\t\t\t\t\t\tWie m\u00f6chten Sie am liebsten kontaktiert werden?\t\t\t\t\t\t\t<\/label>\n\t\t\t\t\t\t\t\t<div class=\"elementor-field elementor-select-wrapper remove-before \">\n\t\t\t<div class=\"select-caret-down-wrapper\">\n\t\t\t\t<i aria-hidden=\"true\" class=\"eicon-caret-down\"><\/i>\t\t\t<\/div>\n\t\t\t<select name=\"form_fields[kontakt]\" id=\"form-field-kontakt\" class=\"elementor-field-textual elementor-size-sm\" required=\"required\">\n\t\t\t\t\t\t\t\t\t<option value=\"per E-Mail\">per E-Mail<\/option>\n\t\t\t\t\t\t\t\t\t<option value=\"telefonisch\">telefonisch<\/option>\n\t\t\t\t\t\t\t\t\t<option value=\"per Post\">per Post<\/option>\n\t\t\t\t\t\t\t<\/select>\n\t\t<\/div>\n\t\t\t\t\t\t<\/div>\n\t\t\t\t\t\t\t\t<div class=\"elementor-field-type-textarea elementor-field-group elementor-column elementor-field-group-Nachricht elementor-col-100\">\n\t\t\t\t\t\t\t\t\t\t\t\t<label for=\"form-field-Nachricht\" class=\"elementor-field-label\">\n\t\t\t\t\t\t\t\tNachricht\t\t\t\t\t\t\t<\/label>\n\t\t\t\t\t\t<textarea class=\"elementor-field-textual elementor-field  elementor-size-sm\" name=\"form_fields[Nachricht]\" id=\"form-field-Nachricht\" rows=\"4\" placeholder=\"Nachricht\"><\/textarea>\t\t\t\t<\/div>\n\t\t\t\t\t\t\t\t<div class=\"elementor-field-type-text\">\n\t\t\t\t\t<input size=\"1\" type=\"text\" name=\"form_fields[field_b4f94ea]\" id=\"form-field-field_b4f94ea\" class=\"elementor-field elementor-size-sm \" style=\"display:none !important;\">\t\t\t\t<\/div>\n\t\t\t\t\t\t\t\t<div class=\"elementor-field-type-html elementor-field-group elementor-column elementor-field-group-field_77b0f69 elementor-col-100\">\n\t\t\t\t\t<br>Durch die Eingabe Ihrer pers\u00f6nlichen Daten in dieses Formular erkl\u00e4ren Sie sich mit der Verarbeitung Ihrer Angaben einverstanden. Weitere Hinweise finden Sie in unserer <a href=\"\/datenschutzerklaerung\/\" target=\"_blank\">Datenschutzerkl\u00e4rung.<\/a><br><br>\t\t\t\t<\/div>\n\t\t\t\t\t\t\t\t<div class=\"elementor-field-group elementor-column elementor-field-type-submit elementor-col-100 e-form__buttons\">\n\t\t\t\t\t<button class=\"elementor-button elementor-size-sm\" type=\"submit\">\n\t\t\t\t\t\t<span class=\"elementor-button-content-wrapper\">\n\t\t\t\t\t\t\t\t\t\t\t\t\t\t\t\t\t\t\t\t\t\t<span class=\"elementor-button-text\">Senden<\/span>\n\t\t\t\t\t\t\t\t\t\t\t\t\t<\/span>\n\t\t\t\t\t<\/button>\n\t\t\t\t<\/div>\n\t\t\t<\/div>\n\t\t<\/form>\n\t\t\t\t\t\t<\/div>\n\t\t\t\t<\/div>\n\t\t\t\t\t<\/div>\n\t\t<\/div>\n\t\t\t\t\t<\/div>\n\t\t<\/section>\n\t\t\t\t<\/div>\n\t\t\n<\/div>\n<\/div>\n","protected":false},"excerpt":{"rendered":"<p>Wir sind gern f\u00fcr Sie da Nutzen Sie unser Know-how in der Holztechnik f\u00fcr Ihr Projekt. Wir freuen uns auf Ihre Nachricht. Maderas Holztechnik GmbH Werkstra\u00dfe 137671 H\u00f6xter-Ovenhausen Tel.: +49 5278 221Fax: +49 5278 1269 Unsere Vetretung in den Beneluxstaaten: Lindner Benelux BV Woudenbergseweg 19-C9NL-3707 HW ZEIST E-Mail: info@maderas-holztechnik.de Tel.: +31 343 491038Fax: +31 343 [&hellip;]<\/p>\n","protected":false},"author":1,"featured_media":0,"parent":0,"menu_order":6,"comment_status":"closed","ping_status":"closed","template":"","meta":{"_acf_changed":false,"footnotes":""},"funktion":[],"class_list":["post-764","page","type-page","status-publish","hentry"],"acf":[],"_links":{"self":[{"href":"https:\/\/maderas-holztechnik.de\/en\/wp-json\/wp\/v2\/pages\/764","targetHints":{"allow":["GET"]}}],"collection":[{"href":"https:\/\/maderas-holztechnik.de\/en\/wp-json\/wp\/v2\/pages"}],"about":[{"href":"https:\/\/maderas-holztechnik.de\/en\/wp-json\/wp\/v2\/types\/page"}],"author":[{"embeddable":true,"href":"https:\/\/maderas-holztechnik.de\/en\/wp-json\/wp\/v2\/users\/1"}],"replies":[{"embeddable":true,"href":"https:\/\/maderas-holztechnik.de\/en\/wp-json\/wp\/v2\/comments?post=764"}],"version-history":[{"count":0,"href":"https:\/\/maderas-holztechnik.de\/en\/wp-json\/wp\/v2\/pages\/764\/revisions"}],"wp:attachment":[{"href":"https:\/\/maderas-holztechnik.de\/en\/wp-json\/wp\/v2\/media?parent=764"}],"wp:term":[{"taxonomy":"funktion","embeddable":true,"href":"https:\/\/maderas-holztechnik.de\/en\/wp-json\/wp\/v2\/funktion?post=764"}],"curies":[{"name":"wp","href":"https:\/\/api.w.org\/{rel}","templated":true}]}}